{"id":8,"date":"2026-04-27T14:41:48","date_gmt":"2026-04-27T14:41:48","guid":{"rendered":"https:\/\/vibois.corweb.fr\/?page_id=8"},"modified":"2026-04-29T10:18:49","modified_gmt":"2026-04-29T10:18:49","slug":"elementor-8","status":"publish","type":"page","link":"https:\/\/vibois.corweb.fr\/","title":{"rendered":"Atelier Vibois &#8211; Menuiserie &#8211; Charpente &#8211; Villeneuve sur Yonne"},"content":{"rendered":"\t\t<div data-elementor-type=\"wp-post\" data-elementor-id=\"8\" class=\"elementor elementor-8\">\n\t\t\t\t<div class=\"elementor-element elementor-element-83baa3f e-flex e-con-boxed e-con e-parent\" data-id=\"83baa3f\" data-element_type=\"container\" data-e-type=\"container\" data-settings=\"{&quot;background_background&quot;:&quot;slideshow&quot;,&quot;background_slideshow_gallery&quot;:[{&quot;id&quot;:15,&quot;url&quot;:&quot;https:\\\/\\\/vibois.corweb.fr\\\/wp-content\\\/uploads\\\/2026\\\/04\\\/slide_cochere.webp&quot;},{&quot;id&quot;:20,&quot;url&quot;:&quot;https:\\\/\\\/vibois.corweb.fr\\\/wp-content\\\/uploads\\\/2026\\\/04\\\/slide_boiseries_parquets.webp&quot;},{&quot;id&quot;:22,&quot;url&quot;:&quot;https:\\\/\\\/vibois.corweb.fr\\\/wp-content\\\/uploads\\\/2026\\\/04\\\/slide_ameublement.webp&quot;}],&quot;background_slideshow_loop&quot;:&quot;yes&quot;,&quot;background_slideshow_slide_duration&quot;:5000,&quot;background_slideshow_slide_transition&quot;:&quot;fade&quot;,&quot;background_slideshow_transition_duration&quot;:500}\">\n\t\t\t\t\t<div class=\"e-con-inner\">\n\t\t\t\t<div class=\"elementor-element elementor-element-1f91bb4 elementor-widget elementor-widget-heading\" data-id=\"1f91bb4\" data-element_type=\"widget\" data-e-type=\"widget\" data-widget_type=\"heading.default\">\n\t\t\t\t\t<div class=\"elementor-heading-title elementor-size-default\">Un savoir-faire reconnu<\/div>\t\t\t\t<\/div>\n\t\t\t\t\t<\/div>\n\t\t\t\t<\/div>\n\t\t<div class=\"elementor-element elementor-element-0d41f7e e-con-full e-flex e-con e-parent\" data-id=\"0d41f7e\" data-element_type=\"container\" data-e-type=\"container\" data-settings=\"{&quot;background_background&quot;:&quot;classic&quot;}\">\n\t\t<div class=\"elementor-element elementor-element-8a6ae46 e-flex e-con-boxed e-con e-child\" data-id=\"8a6ae46\" data-element_type=\"container\" data-e-type=\"container\">\n\t\t\t\t\t<div class=\"e-con-inner\">\n\t\t\t\t<div class=\"elementor-element elementor-element-d24d309 elementor-widget elementor-widget-heading\" data-id=\"d24d309\" data-element_type=\"widget\" data-e-type=\"widget\" data-widget_type=\"heading.default\">\n\t\t\t\t\t<h1 class=\"elementor-heading-title elementor-size-default\">Ma\u00eetre Artisan Menuisier Charpentier<\/h1>\t\t\t\t<\/div>\n\t\t<div class=\"elementor-element elementor-element-3885353 e-con-full e-flex e-con e-child\" data-id=\"3885353\" data-element_type=\"container\" data-e-type=\"container\">\n\t\t<div class=\"elementor-element elementor-element-1144fa3 e-con-full e-flex e-con e-child\" data-id=\"1144fa3\" data-element_type=\"container\" data-e-type=\"container\">\n\t\t\t\t<div class=\"elementor-element elementor-element-c090db9 elementor-widget elementor-widget-heading\" data-id=\"c090db9\" data-element_type=\"widget\" data-e-type=\"widget\" data-widget_type=\"heading.default\">\n\t\t\t\t\t<h2 class=\"elementor-heading-title elementor-size-default\">Menuiserie et Charpente Traditionnelle sur Mesure<\/h2>\t\t\t\t<\/div>\n\t\t\t\t<div class=\"elementor-element elementor-element-386c563 elementor-widget elementor-widget-image\" data-id=\"386c563\" data-element_type=\"widget\" data-e-type=\"widget\" data-widget_type=\"image.default\">\n\t\t\t\t\t\t\t\t\t\t\t\t\t\t\t<img fetchpriority=\"high\" decoding=\"async\" width=\"384\" height=\"239\" src=\"https:\/\/vibois.corweb.fr\/wp-content\/uploads\/2026\/04\/maitre-artisan.webp\" class=\"attachment-large size-large wp-image-41\" alt=\"\" srcset=\"https:\/\/vibois.corweb.fr\/wp-content\/uploads\/2026\/04\/maitre-artisan.webp 384w, https:\/\/vibois.corweb.fr\/wp-content\/uploads\/2026\/04\/maitre-artisan-300x187.webp 300w\" sizes=\"(max-width: 384px) 100vw, 384px\" \/>\t\t\t\t\t\t\t\t\t\t\t\t\t\t\t<\/div>\n\t\t\t\t<div class=\"elementor-element elementor-element-d7a559c elementor-widget elementor-widget-text-editor\" data-id=\"d7a559c\" data-element_type=\"widget\" data-e-type=\"widget\" data-widget_type=\"text-editor.default\">\n\t\t\t\t\t\t\t\t\t<p>L&rsquo;Atelier Vibois, Ma\u00eetre Artisan Menuisier Charpentier, est sp\u00e9cialis\u00e9 dans la conception, la fabrication et la pose d\u2019ouvrages en bois sur mesure dans l&rsquo;Yonne, en \u00cele-de-France et les cantons environnants.<br data-start=\"496\" data-end=\"499\" \/>Gr\u00e2ce \u00e0 un savoir-faire artisanal reconnu, l\u2019atelier intervient aussi bien sur des projets r\u00e9cents que sur des chantiers de r\u00e9novation, en garantissant des r\u00e9alisations durables, esth\u00e9tiques et adapt\u00e9es \u00e0 chaque besoin.<\/p>\t\t\t\t\t\t\t\t<\/div>\n\t\t\t\t<\/div>\n\t\t\t\t<div class=\"elementor-element elementor-element-e7e0f65 elementor-widget elementor-widget-image\" data-id=\"e7e0f65\" data-element_type=\"widget\" data-e-type=\"widget\" data-widget_type=\"image.default\">\n\t\t\t\t\t\t\t\t\t\t\t\t\t\t\t<img decoding=\"async\" width=\"690\" height=\"522\" src=\"https:\/\/vibois.corweb.fr\/wp-content\/uploads\/2026\/04\/atelier.webp\" class=\"attachment-large size-large wp-image-39\" alt=\"Atelier Vibois - Menuisier Charpentier \u00e0 Villeneuve sur Yonne\" srcset=\"https:\/\/vibois.corweb.fr\/wp-content\/uploads\/2026\/04\/atelier.webp 690w, https:\/\/vibois.corweb.fr\/wp-content\/uploads\/2026\/04\/atelier-300x227.webp 300w\" sizes=\"(max-width: 690px) 100vw, 690px\" \/>\t\t\t\t\t\t\t\t\t\t\t\t\t\t\t<\/div>\n\t\t\t\t<\/div>\n\t\t\t\t<div class=\"elementor-element elementor-element-059b5c9 elementor-widget elementor-widget-heading\" data-id=\"059b5c9\" data-element_type=\"widget\" data-e-type=\"widget\" data-widget_type=\"heading.default\">\n\t\t\t\t\t<h2 class=\"elementor-heading-title elementor-size-default\">Artisan Menuisier pour tous vos projets bois<\/h2>\t\t\t\t<\/div>\n\t\t\t\t<div class=\"elementor-element elementor-element-a6d6fb7 elementor-widget elementor-widget-text-editor\" data-id=\"a6d6fb7\" data-element_type=\"widget\" data-e-type=\"widget\" data-widget_type=\"text-editor.default\">\n\t\t\t\t\t\t\t\t\t<p>Atelier Vibois accompagne particuliers, professionnels et collectivit\u00e9s dans la r\u00e9alisation de travaux de menuiserie int\u00e9rieure et ext\u00e9rieure.<\/p>\t\t\t\t\t\t\t\t<\/div>\n\t\t<div class=\"elementor-element elementor-element-fd593f0 e-con-full e-flex e-con e-child\" data-id=\"fd593f0\" data-element_type=\"container\" data-e-type=\"container\">\n\t\t<div class=\"elementor-element elementor-element-b1d1db5 e-con-full e-flex e-con e-child\" data-id=\"b1d1db5\" data-element_type=\"container\" data-e-type=\"container\">\n\t\t\t\t<div class=\"elementor-element elementor-element-af0608d elementor-widget elementor-widget-heading\" data-id=\"af0608d\" data-element_type=\"widget\" data-e-type=\"widget\" data-widget_type=\"heading.default\">\n\t\t\t\t\t<h3 class=\"elementor-heading-title elementor-size-default\">Ameublement sur mesure<\/h3>\t\t\t\t<\/div>\n\t\t\t\t<div class=\"elementor-element elementor-element-16a1e1b elementor-widget elementor-widget-image\" data-id=\"16a1e1b\" data-element_type=\"widget\" data-e-type=\"widget\" data-widget_type=\"image.default\">\n\t\t\t\t\t\t\t\t\t\t\t\t\t\t\t<img decoding=\"async\" width=\"800\" height=\"472\" src=\"https:\/\/vibois.corweb.fr\/wp-content\/uploads\/2026\/04\/ameublement.webp\" class=\"attachment-large size-large wp-image-55\" alt=\"Atelier Vibois - Menuisier en ameublement dans l&#039;Yonne et l&#039;Ile de France\" srcset=\"https:\/\/vibois.corweb.fr\/wp-content\/uploads\/2026\/04\/ameublement.webp 800w, https:\/\/vibois.corweb.fr\/wp-content\/uploads\/2026\/04\/ameublement-300x177.webp 300w, https:\/\/vibois.corweb.fr\/wp-content\/uploads\/2026\/04\/ameublement-768x453.webp 768w\" sizes=\"(max-width: 800px) 100vw, 800px\" \/>\t\t\t\t\t\t\t\t\t\t\t\t\t\t\t<\/div>\n\t\t\t\t<div class=\"elementor-element elementor-element-ef006e7 elementor-widget elementor-widget-text-editor\" data-id=\"ef006e7\" data-element_type=\"widget\" data-e-type=\"widget\" data-widget_type=\"text-editor.default\">\n\t\t\t\t\t\t\t\t\t<p>Cr\u00e9ation de mobilier unique : biblioth\u00e8ques, meubles int\u00e9gr\u00e9s, rangements personnalis\u00e9s. Chaque pi\u00e8ce est con\u00e7ue pour optimiser votre espace et valoriser votre int\u00e9rieur.<\/p>\t\t\t\t\t\t\t\t<\/div>\n\t\t\t\t<\/div>\n\t\t<div class=\"elementor-element elementor-element-60aedd1 e-con-full e-flex e-con e-child\" data-id=\"60aedd1\" data-element_type=\"container\" data-e-type=\"container\">\n\t\t\t\t<div class=\"elementor-element elementor-element-985f43f elementor-widget elementor-widget-heading\" data-id=\"985f43f\" data-element_type=\"widget\" data-e-type=\"widget\" data-widget_type=\"heading.default\">\n\t\t\t\t\t<h3 class=\"elementor-heading-title elementor-size-default\">Dressings personnalis\u00e9s<\/h3>\t\t\t\t<\/div>\n\t\t\t\t<div class=\"elementor-element elementor-element-0fec207 elementor-widget elementor-widget-image\" data-id=\"0fec207\" data-element_type=\"widget\" data-e-type=\"widget\" data-widget_type=\"image.default\">\n\t\t\t\t\t\t\t\t\t\t\t\t\t\t\t<img loading=\"lazy\" decoding=\"async\" width=\"800\" height=\"600\" src=\"https:\/\/vibois.corweb.fr\/wp-content\/uploads\/2026\/04\/dressing.webp\" class=\"attachment-large size-large wp-image-60\" alt=\"Atelier Vibois - Cr\u00e9ation de dressings sur mesure\" srcset=\"https:\/\/vibois.corweb.fr\/wp-content\/uploads\/2026\/04\/dressing.webp 800w, https:\/\/vibois.corweb.fr\/wp-content\/uploads\/2026\/04\/dressing-300x225.webp 300w, https:\/\/vibois.corweb.fr\/wp-content\/uploads\/2026\/04\/dressing-768x576.webp 768w\" sizes=\"(max-width: 800px) 100vw, 800px\" \/>\t\t\t\t\t\t\t\t\t\t\t\t\t\t\t<\/div>\n\t\t\t\t<div class=\"elementor-element elementor-element-6ed0b93 elementor-widget elementor-widget-text-editor\" data-id=\"6ed0b93\" data-element_type=\"widget\" data-e-type=\"widget\" data-widget_type=\"text-editor.default\">\n\t\t\t\t\t\t\t\t\t<p>Conception et fabrication de dressings sur mesure pour un am\u00e9nagement fonctionnel, esth\u00e9tique et durable.<\/p>\t\t\t\t\t\t\t\t<\/div>\n\t\t\t\t<\/div>\n\t\t\t\t<\/div>\n\t\t<div class=\"elementor-element elementor-element-f0f0bed e-con-full e-flex e-con e-child\" data-id=\"f0f0bed\" data-element_type=\"container\" data-e-type=\"container\">\n\t\t<div class=\"elementor-element elementor-element-ae0d317 e-con-full e-flex e-con e-child\" data-id=\"ae0d317\" data-element_type=\"container\" data-e-type=\"container\">\n\t\t\t\t<div class=\"elementor-element elementor-element-2b04bd2 elementor-widget elementor-widget-heading\" data-id=\"2b04bd2\" data-element_type=\"widget\" data-e-type=\"widget\" data-widget_type=\"heading.default\">\n\t\t\t\t\t<h3 class=\"elementor-heading-title elementor-size-default\">Escalier sur mesure<\/h3>\t\t\t\t<\/div>\n\t\t\t\t<div class=\"elementor-element elementor-element-41fc580 elementor-widget elementor-widget-image\" data-id=\"41fc580\" data-element_type=\"widget\" data-e-type=\"widget\" data-widget_type=\"image.default\">\n\t\t\t\t\t\t\t\t\t\t\t\t\t\t\t<img loading=\"lazy\" decoding=\"async\" width=\"728\" height=\"1024\" src=\"https:\/\/vibois.corweb.fr\/wp-content\/uploads\/2026\/04\/escalier-728x1024.webp\" class=\"attachment-large size-large wp-image-65\" alt=\"\" srcset=\"https:\/\/vibois.corweb.fr\/wp-content\/uploads\/2026\/04\/escalier-728x1024.webp 728w, https:\/\/vibois.corweb.fr\/wp-content\/uploads\/2026\/04\/escalier-213x300.webp 213w, https:\/\/vibois.corweb.fr\/wp-content\/uploads\/2026\/04\/escalier-768x1080.webp 768w, https:\/\/vibois.corweb.fr\/wp-content\/uploads\/2026\/04\/escalier.webp 800w\" sizes=\"(max-width: 728px) 100vw, 728px\" \/>\t\t\t\t\t\t\t\t\t\t\t\t\t\t\t<\/div>\n\t\t\t\t<div class=\"elementor-element elementor-element-841f2bb elementor-widget elementor-widget-text-editor\" data-id=\"841f2bb\" data-element_type=\"widget\" data-e-type=\"widget\" data-widget_type=\"text-editor.default\">\n\t\t\t\t\t\t\t\t\t<p>Fabrication d\u2019escaliers en bois massif alliant solidit\u00e9, s\u00e9curit\u00e9 et design : escaliers droits, tournants ou h\u00e9lico\u00efdaux.<\/p>\t\t\t\t\t\t\t\t<\/div>\n\t\t\t\t<\/div>\n\t\t<div class=\"elementor-element elementor-element-388ad72 e-con-full e-flex e-con e-child\" data-id=\"388ad72\" data-element_type=\"container\" data-e-type=\"container\">\n\t\t\t\t<div class=\"elementor-element elementor-element-d9578f1 elementor-widget elementor-widget-heading\" data-id=\"d9578f1\" data-element_type=\"widget\" data-e-type=\"widget\" data-widget_type=\"heading.default\">\n\t\t\t\t\t<h3 class=\"elementor-heading-title elementor-size-default\">Portes et portails<\/h3>\t\t\t\t<\/div>\n\t\t\t\t<div class=\"elementor-element elementor-element-1039d9d elementor-widget elementor-widget-image\" data-id=\"1039d9d\" data-element_type=\"widget\" data-e-type=\"widget\" data-widget_type=\"image.default\">\n\t\t\t\t\t\t\t\t\t\t\t\t\t\t\t<img loading=\"lazy\" decoding=\"async\" width=\"684\" height=\"1024\" src=\"https:\/\/vibois.corweb.fr\/wp-content\/uploads\/2026\/04\/porte-684x1024.webp\" class=\"attachment-large size-large wp-image-76\" alt=\"\" srcset=\"https:\/\/vibois.corweb.fr\/wp-content\/uploads\/2026\/04\/porte-684x1024.webp 684w, https:\/\/vibois.corweb.fr\/wp-content\/uploads\/2026\/04\/porte-201x300.webp 201w, https:\/\/vibois.corweb.fr\/wp-content\/uploads\/2026\/04\/porte-768x1149.webp 768w, https:\/\/vibois.corweb.fr\/wp-content\/uploads\/2026\/04\/porte.webp 800w\" sizes=\"(max-width: 684px) 100vw, 684px\" \/>\t\t\t\t\t\t\t\t\t\t\t\t\t\t\t<\/div>\n\t\t\t\t<div class=\"elementor-element elementor-element-aaa1107 elementor-widget elementor-widget-text-editor\" data-id=\"aaa1107\" data-element_type=\"widget\" data-e-type=\"widget\" data-widget_type=\"text-editor.default\">\n\t\t\t\t\t\t\t\t\t<p>R\u00e9alisation de portes d\u2019entr\u00e9e, portes int\u00e9rieures et portails sur mesure, alliant s\u00e9curit\u00e9, robustesse et esth\u00e9tique traditionnelle.<\/p>\t\t\t\t\t\t\t\t<\/div>\n\t\t\t\t<\/div>\n\t\t\t\t<\/div>\n\t\t<div class=\"elementor-element elementor-element-07cb032 e-con-full e-flex e-con e-child\" data-id=\"07cb032\" data-element_type=\"container\" data-e-type=\"container\">\n\t\t<div class=\"elementor-element elementor-element-e33f2e7 e-con-full e-flex e-con e-child\" data-id=\"e33f2e7\" data-element_type=\"container\" data-e-type=\"container\">\n\t\t\t\t<div class=\"elementor-element elementor-element-41e965e elementor-widget elementor-widget-heading\" data-id=\"41e965e\" data-element_type=\"widget\" data-e-type=\"widget\" data-widget_type=\"heading.default\">\n\t\t\t\t\t<h3 class=\"elementor-heading-title elementor-size-default\">Parquet massif<\/h3>\t\t\t\t<\/div>\n\t\t\t\t<div class=\"elementor-element elementor-element-9f27dd8 elementor-widget elementor-widget-image\" data-id=\"9f27dd8\" data-element_type=\"widget\" data-e-type=\"widget\" data-widget_type=\"image.default\">\n\t\t\t\t\t\t\t\t\t\t\t\t\t\t\t<img loading=\"lazy\" decoding=\"async\" width=\"800\" height=\"1019\" src=\"https:\/\/vibois.corweb.fr\/wp-content\/uploads\/2026\/04\/parquet.webp\" class=\"attachment-large size-large wp-image-81\" alt=\"Atelier Vibois - Pose et r\u00e9novation de parquets massifs\" srcset=\"https:\/\/vibois.corweb.fr\/wp-content\/uploads\/2026\/04\/parquet.webp 800w, https:\/\/vibois.corweb.fr\/wp-content\/uploads\/2026\/04\/parquet-236x300.webp 236w, https:\/\/vibois.corweb.fr\/wp-content\/uploads\/2026\/04\/parquet-768x978.webp 768w\" sizes=\"(max-width: 800px) 100vw, 800px\" \/>\t\t\t\t\t\t\t\t\t\t\t\t\t\t\t<\/div>\n\t\t\t\t<div class=\"elementor-element elementor-element-69337fd elementor-widget elementor-widget-text-editor\" data-id=\"69337fd\" data-element_type=\"widget\" data-e-type=\"widget\" data-widget_type=\"text-editor.default\">\n\t\t\t\t\t\t\t\t\t<p>Pose, r\u00e9novation et restauration de parquet massif pour un rendu authentique, chaleureux et durable. Pose en lames droites ou en chevrons (En Point de Hongrie ou B\u00e2tons rompus)\u00a0<\/p>\t\t\t\t\t\t\t\t<\/div>\n\t\t\t\t<\/div>\n\t\t<div class=\"elementor-element elementor-element-726ffe8 e-con-full e-flex e-con e-child\" data-id=\"726ffe8\" data-element_type=\"container\" data-e-type=\"container\">\n\t\t\t\t<div class=\"elementor-element elementor-element-3f80164 elementor-widget elementor-widget-heading\" data-id=\"3f80164\" data-element_type=\"widget\" data-e-type=\"widget\" data-widget_type=\"heading.default\">\n\t\t\t\t\t<h3 class=\"elementor-heading-title elementor-size-default\">Volets et fen\u00eatres bois<\/h3>\t\t\t\t<\/div>\n\t\t\t\t<div class=\"elementor-element elementor-element-09ed407 elementor-widget elementor-widget-image\" data-id=\"09ed407\" data-element_type=\"widget\" data-e-type=\"widget\" data-widget_type=\"image.default\">\n\t\t\t\t\t\t\t\t\t\t\t\t\t\t\t<img loading=\"lazy\" decoding=\"async\" width=\"568\" height=\"1024\" src=\"https:\/\/vibois.corweb.fr\/wp-content\/uploads\/2026\/04\/fenetre-568x1024.webp\" class=\"attachment-large size-large wp-image-86\" alt=\"Atelier Vibois - Cr\u00e9ation et r\u00e9novation de fen\u00eatres traditionnelles en bois\" srcset=\"https:\/\/vibois.corweb.fr\/wp-content\/uploads\/2026\/04\/fenetre-568x1024.webp 568w, https:\/\/vibois.corweb.fr\/wp-content\/uploads\/2026\/04\/fenetre-166x300.webp 166w, https:\/\/vibois.corweb.fr\/wp-content\/uploads\/2026\/04\/fenetre.webp 577w\" sizes=\"(max-width: 568px) 100vw, 568px\" \/>\t\t\t\t\t\t\t\t\t\t\t\t\t\t\t<\/div>\n\t\t\t\t<div class=\"elementor-element elementor-element-a951bc3 elementor-widget elementor-widget-text-editor\" data-id=\"a951bc3\" data-element_type=\"widget\" data-e-type=\"widget\" data-widget_type=\"text-editor.default\">\n\t\t\t\t\t\t\t\t\t<p>Fabrication et installation de volets et fen\u00eatres en bois pour am\u00e9liorer l\u2019isolation thermique et phonique tout en respectant le cachet architectural.<\/p>\t\t\t\t\t\t\t\t<\/div>\n\t\t\t\t<\/div>\n\t\t\t\t<\/div>\n\t\t\t\t<div class=\"elementor-element elementor-element-2fa1155 elementor-widget elementor-widget-heading\" data-id=\"2fa1155\" data-element_type=\"widget\" data-e-type=\"widget\" data-widget_type=\"heading.default\">\n\t\t\t\t\t<h2 class=\"elementor-heading-title elementor-size-default\">Charpentier sp\u00e9cialis\u00e9 en charpente traditionnelle<\/h2>\t\t\t\t<\/div>\n\t\t<div class=\"elementor-element elementor-element-7c08185 e-con-full e-flex e-con e-child\" data-id=\"7c08185\" data-element_type=\"container\" data-e-type=\"container\">\n\t\t\t\t<div class=\"elementor-element elementor-element-5a7eae6 elementor-widget elementor-widget-image\" data-id=\"5a7eae6\" data-element_type=\"widget\" data-e-type=\"widget\" data-widget_type=\"image.default\">\n\t\t\t\t\t\t\t\t\t\t\t\t\t\t\t<img loading=\"lazy\" decoding=\"async\" width=\"800\" height=\"450\" src=\"https:\/\/vibois.corweb.fr\/wp-content\/uploads\/2026\/04\/charpente.webp\" class=\"attachment-large size-large wp-image-93\" alt=\"\" srcset=\"https:\/\/vibois.corweb.fr\/wp-content\/uploads\/2026\/04\/charpente.webp 800w, https:\/\/vibois.corweb.fr\/wp-content\/uploads\/2026\/04\/charpente-300x169.webp 300w, https:\/\/vibois.corweb.fr\/wp-content\/uploads\/2026\/04\/charpente-768x432.webp 768w\" sizes=\"(max-width: 800px) 100vw, 800px\" \/>\t\t\t\t\t\t\t\t\t\t\t\t\t\t\t<\/div>\n\t\t\t\t<div class=\"elementor-element elementor-element-c08fbdf elementor-widget elementor-widget-text-editor\" data-id=\"c08fbdf\" data-element_type=\"widget\" data-e-type=\"widget\" data-widget_type=\"text-editor.default\">\n\t\t\t\t\t\t\t\t\t<p data-start=\"1929\" data-end=\"2044\">L&rsquo;Atelier Vibois r\u00e9alise des travaux de charpente traditionnelle en bois, en construction neuve comme en r\u00e9novation :<\/p><ul data-start=\"2046\" data-end=\"2157\"><li data-section-id=\"1v2g808\" data-start=\"2046\" data-end=\"2084\">Conception et taille de charpentes<\/li><li data-section-id=\"j2jzte\" data-start=\"2085\" data-end=\"2125\">Restauration de structures anciennes<\/li><li data-section-id=\"261yxs\" data-start=\"2126\" data-end=\"2157\">R\u00e9habilitation de b\u00e2timents<\/li><\/ul><p data-start=\"2159\" data-end=\"2253\">Chaque projet est r\u00e9alis\u00e9 dans le respect des techniques artisanales et des normes en vigueur.<\/p>\t\t\t\t\t\t\t\t<\/div>\n\t\t\t\t<\/div>\n\t\t\t\t<div class=\"elementor-element elementor-element-157e890 elementor-widget elementor-widget-heading\" data-id=\"157e890\" data-element_type=\"widget\" data-e-type=\"widget\" data-widget_type=\"heading.default\">\n\t\t\t\t\t<h2 class=\"elementor-heading-title elementor-size-default\">Expert en restauration de monuments historiques<\/h2>\t\t\t\t<\/div>\n\t\t<div class=\"elementor-element elementor-element-730edd1 e-con-full e-flex e-con e-child\" data-id=\"730edd1\" data-element_type=\"container\" data-e-type=\"container\">\n\t\t\t\t<div class=\"elementor-element elementor-element-6cf6b44 elementor-widget__width-initial elementor-widget elementor-widget-text-editor\" data-id=\"6cf6b44\" data-element_type=\"widget\" data-e-type=\"widget\" data-widget_type=\"text-editor.default\">\n\t\t\t\t\t\t\t\t\t<p data-start=\"2307\" data-end=\"2562\">Atelier Vibois est reconnu pour son expertise dans la restauration de monuments historiques.<br data-start=\"2399\" data-end=\"2402\" \/>L\u2019entreprise intervient sur des b\u00e2timents anciens et class\u00e9s en respectant les m\u00e9thodes traditionnelles, les mat\u00e9riaux d\u2019origine et les exigences du patrimoine.<\/p><p data-start=\"2564\" data-end=\"2671\">Ce savoir-faire sp\u00e9cifique permet de pr\u00e9server l\u2019authenticit\u00e9 des ouvrages tout en assurant leur p\u00e9rennit\u00e9.<\/p>\t\t\t\t\t\t\t\t<\/div>\n\t\t\t\t<div class=\"elementor-element elementor-element-6224afd elementor-widget elementor-widget-image\" data-id=\"6224afd\" data-element_type=\"widget\" data-e-type=\"widget\" data-widget_type=\"image.default\">\n\t\t\t\t\t\t\t\t\t\t\t\t\t\t\t<img loading=\"lazy\" decoding=\"async\" width=\"768\" height=\"1024\" src=\"https:\/\/vibois.corweb.fr\/wp-content\/uploads\/2026\/04\/MH-768x1024.webp\" class=\"attachment-large size-large wp-image-98\" alt=\"Atelier Vibois - Menuisier sp\u00e9cialis\u00e9 dans la Restauration des monuments historiques\" srcset=\"https:\/\/vibois.corweb.fr\/wp-content\/uploads\/2026\/04\/MH-768x1024.webp 768w, https:\/\/vibois.corweb.fr\/wp-content\/uploads\/2026\/04\/MH-225x300.webp 225w, https:\/\/vibois.corweb.fr\/wp-content\/uploads\/2026\/04\/MH.webp 800w\" sizes=\"(max-width: 768px) 100vw, 768px\" \/>\t\t\t\t\t\t\t\t\t\t\t\t\t\t\t<\/div>\n\t\t\t\t<\/div>\n\t\t\t\t\t<\/div>\n\t\t\t\t<\/div>\n\t\t\t\t<\/div>\n\t\t\t\t<\/div>\n\t\t","protected":false},"excerpt":{"rendered":"<p>Un savoir-faire reconnu Ma\u00eetre Artisan Menuisier Charpentier Menuiserie et Charpente Traditionnelle sur Mesure L&rsquo;Atelier Vibois, Ma\u00eetre Artisan Menuisier Charpentier, est sp\u00e9cialis\u00e9 dans la conception, la fabrication et la pose d\u2019ouvrages en bois sur mesure dans l&rsquo;Yonne, en \u00cele-de-France et les cantons environnants.Gr\u00e2ce \u00e0 un savoir-faire artisanal reconnu, l\u2019atelier intervient aussi bien sur des projets r\u00e9cents [&hellip;]<\/p>\n","protected":false},"author":1,"featured_media":0,"parent":0,"menu_order":0,"comment_status":"closed","ping_status":"closed","template":"","meta":{"footnotes":""},"class_list":["post-8","page","type-page","status-publish","hentry"],"_links":{"self":[{"href":"https:\/\/vibois.corweb.fr\/index.php\/wp-json\/wp\/v2\/pages\/8","targetHints":{"allow":["GET"]}}],"collection":[{"href":"https:\/\/vibois.corweb.fr\/index.php\/wp-json\/wp\/v2\/pages"}],"about":[{"href":"https:\/\/vibois.corweb.fr\/index.php\/wp-json\/wp\/v2\/types\/page"}],"author":[{"embeddable":true,"href":"https:\/\/vibois.corweb.fr\/index.php\/wp-json\/wp\/v2\/users\/1"}],"replies":[{"embeddable":true,"href":"https:\/\/vibois.corweb.fr\/index.php\/wp-json\/wp\/v2\/comments?post=8"}],"version-history":[{"count":101,"href":"https:\/\/vibois.corweb.fr\/index.php\/wp-json\/wp\/v2\/pages\/8\/revisions"}],"predecessor-version":[{"id":158,"href":"https:\/\/vibois.corweb.fr\/index.php\/wp-json\/wp\/v2\/pages\/8\/revisions\/158"}],"wp:attachment":[{"href":"https:\/\/vibois.corweb.fr\/index.php\/wp-json\/wp\/v2\/media?parent=8"}],"curies":[{"name":"wp","href":"https:\/\/api.w.org\/{rel}","templated":true}]}}